{"id":19092,"date":"2021-07-05T12:00:00","date_gmt":"2021-07-05T12:00:00","guid":{"rendered":"https:\/\/pt.wpresidence.net\/?page_id=19092"},"modified":"2022-12-22T11:48:11","modified_gmt":"2022-12-22T11:48:11","slug":"quem-somos","status":"publish","type":"page","link":"https:\/\/dev.argumentopertinente.pt\/?page_id=19092","title":{"rendered":"Sobre"},"content":{"rendered":"\t\t<div data-elementor-type=\"wp-page\" data-elementor-id=\"19092\" class=\"elementor elementor-19092\">\n\t\t\t\t\t\t\t\t\t<section class=\"elementor-section elementor-top-section elementor-element elementor-element-cd38c56 elementor-section-stretched animated-slow elementor-section-content-middle elementor-section-height-min-height elementor-section-items-top elementor-section-boxed elementor-section-height-default elementor-invisible\" data-id=\"cd38c56\" data-element_type=\"section\" data-settings=\"{&quot;stretch_section&quot;:&quot;section-stretched&quot;,&quot;background_background&quot;:&quot;classic&quot;,&quot;animation&quot;:&quot;fadeIn&quot;,&quot;shape_divider_bottom&quot;:&quot;triangle-asymmetrical&quot;}\">\n\t\t\t\t\t\t\t<div class=\"elementor-background-overlay\"><\/div>\n\t\t\t\t\t\t<div class=\"elementor-shape elementor-shape-bottom\" data-negative=\"false\">\n\t\t\t<svg xmlns=\"http:\/\/www.w3.org\/2000\/svg\" viewBox=\"0 0 1000 100\" preserveAspectRatio=\"none\">\n\t<path class=\"elementor-shape-fill\" d=\"M738,99l262-93V0H0v5.6L738,99z\"\/>\n<\/svg>\t\t<\/div>\n\t\t\t\t\t<div class=\"elementor-container elementor-column-gap-no\">\n\t\t\t\t\t<div class=\"elementor-column elementor-col-50 elementor-top-column elementor-element elementor-element-b28d9b3\" data-id=\"b28d9b3\" data-element_type=\"column\" data-settings=\"{&quot;background_background&quot;:&quot;classic&quot;}\">\n\t\t\t<div class=\"elementor-widget-wrap elementor-element-populated\">\n\t\t\t\t\t\t\t\t<div class=\"elementor-element elementor-element-7e1bea0 elementor-widget elementor-widget-heading\" data-id=\"7e1bea0\" data-element_type=\"widget\" data-widget_type=\"heading.default\">\n\t\t\t\t<div class=\"elementor-widget-container\">\n\t\t\t<style>\/*! elementor - v3.7.8 - 02-10-2022 *\/\n.elementor-heading-title{padding:0;margin:0;line-height:1}.elementor-widget-heading .elementor-heading-title[class*=elementor-size-]>a{color:inherit;font-size:inherit;line-height:inherit}.elementor-widget-heading .elementor-heading-title.elementor-size-small{font-size:15px}.elementor-widget-heading .elementor-heading-title.elementor-size-medium{font-size:19px}.elementor-widget-heading .elementor-heading-title.elementor-size-large{font-size:29px}.elementor-widget-heading .elementor-heading-title.elementor-size-xl{font-size:39px}.elementor-widget-heading .elementor-heading-title.elementor-size-xxl{font-size:59px}<\/style><h2 class=\"elementor-heading-title elementor-size-default\">Quem somos,<br>Argumento Pertinente<\/h2>\t\t<\/div>\n\t\t\t\t<\/div>\n\t\t\t\t<div class=\"elementor-element elementor-element-911d36b elementor-widget elementor-widget-heading\" data-id=\"911d36b\" data-element_type=\"widget\" data-widget_type=\"heading.default\">\n\t\t\t\t<div class=\"elementor-widget-container\">\n\t\t\t<p class=\"elementor-heading-title elementor-size-default\">Quando o assunto s\u00e3o im\u00f3veis, a Argumento Pertinente tem todas as solu\u00e7\u00f5es.\n\n<\/p>\t\t<\/div>\n\t\t\t\t<\/div>\n\t\t\t\t<section class=\"elementor-section elementor-inner-section elementor-element elementor-element-daae606 elementor-section-content-middle elementor-section-boxed elementor-section-height-default elementor-section-height-default\" data-id=\"daae606\" data-element_type=\"section\">\n\t\t\t\t\t\t<div class=\"elementor-container elementor-column-gap-default\">\n\t\t\t\t\t<div class=\"elementor-column elementor-col-50 elementor-inner-column elementor-element elementor-element-6d711a4 elementor-hidden-tablet elementor-hidden-phone\" data-id=\"6d711a4\" data-element_type=\"column\">\n\t\t\t<div class=\"elementor-widget-wrap elementor-element-populated\">\n\t\t\t\t\t\t\t\t<div class=\"elementor-element elementor-element-ba5a541 elementor-view-default elementor-widget elementor-widget-icon\" data-id=\"ba5a541\" data-element_type=\"widget\" data-widget_type=\"icon.default\">\n\t\t\t\t<div class=\"elementor-widget-container\">\n\t\t\t\t\t<div class=\"elementor-icon-wrapper\">\n\t\t\t<div class=\"elementor-icon\">\n\t\t\t<i aria-hidden=\"true\" class=\"fas fa-house-damage\"><\/i>\t\t\t<\/div>\n\t\t<\/div>\n\t\t\t\t<\/div>\n\t\t\t\t<\/div>\n\t\t\t\t<div class=\"elementor-element elementor-element-8cf4c8b elementor-view-default elementor-widget elementor-widget-icon\" data-id=\"8cf4c8b\" data-element_type=\"widget\" data-widget_type=\"icon.default\">\n\t\t\t\t<div class=\"elementor-widget-container\">\n\t\t\t\t\t<div class=\"elementor-icon-wrapper\">\n\t\t\t<div class=\"elementor-icon\">\n\t\t\t<i aria-hidden=\"true\" class=\"fas fa-hotel\"><\/i>\t\t\t<\/div>\n\t\t<\/div>\n\t\t\t\t<\/div>\n\t\t\t\t<\/div>\n\t\t\t\t<div class=\"elementor-element elementor-element-015e306 elementor-view-default elementor-widget elementor-widget-icon\" data-id=\"015e306\" data-element_type=\"widget\" data-widget_type=\"icon.default\">\n\t\t\t\t<div class=\"elementor-widget-container\">\n\t\t\t\t\t<div class=\"elementor-icon-wrapper\">\n\t\t\t<div class=\"elementor-icon\">\n\t\t\t<i aria-hidden=\"true\" class=\"fas fa-store-alt\"><\/i>\t\t\t<\/div>\n\t\t<\/div>\n\t\t\t\t<\/div>\n\t\t\t\t<\/div>\n\t\t\t\t\t<\/div>\n\t\t<\/div>\n\t\t\t\t<div class=\"elementor-column elementor-col-50 elementor-inner-column elementor-element elementor-element-51b7e1b\" data-id=\"51b7e1b\" data-element_type=\"column\">\n\t\t\t<div class=\"elementor-widget-wrap elementor-element-populated\">\n\t\t\t\t\t\t\t\t<div class=\"elementor-element elementor-element-78b2405 elementor-widget elementor-widget-heading\" data-id=\"78b2405\" data-element_type=\"widget\" data-widget_type=\"heading.default\">\n\t\t\t\t<div class=\"elementor-widget-container\">\n\t\t\t<p class=\"elementor-heading-title elementor-size-default\">Casas<br>\nApartamentos<br>\nComercial<\/p>\t\t<\/div>\n\t\t\t\t<\/div>\n\t\t\t\t\t<\/div>\n\t\t<\/div>\n\t\t\t\t\t\t\t<\/div>\n\t\t<\/section>\n\t\t\t\t\t<\/div>\n\t\t<\/div>\n\t\t\t\t<div class=\"elementor-column elementor-col-50 elementor-top-column elementor-element elementor-element-3007463\" data-id=\"3007463\" data-element_type=\"column\" data-settings=\"{&quot;background_background&quot;:&quot;classic&quot;}\">\n\t\t\t<div class=\"elementor-widget-wrap elementor-element-populated\">\n\t\t\t\t\t\t\t\t<div class=\"elementor-element elementor-element-e50e4d5 elementor-widget elementor-widget-heading\" data-id=\"e50e4d5\" data-element_type=\"widget\" data-widget_type=\"heading.default\">\n\t\t\t\t<div class=\"elementor-widget-container\">\n\t\t\t<h2 class=\"elementor-heading-title elementor-size-default\">Diga-nos que im\u00f3vel pretende que n\u00f3s iremos encontrar.<\/h2>\t\t<\/div>\n\t\t\t\t<\/div>\n\t\t\t\t<div class=\"elementor-element elementor-element-6e63417 elementor-widget elementor-widget-WpResidence_Contact_Form\" data-id=\"6e63417\" data-element_type=\"widget\" data-widget_type=\"WpResidence_Contact_Form.default\">\n\t\t\t\t<div class=\"elementor-widget-container\">\n\t\t\t<div class=\"shortcode_contact_form sh_form_align_left\">\n\n        <div class=\"alert-box error\">\n            <div class=\"alert-message\" id=\"footer_alert-agent-contact_sh\"><\/div>\n        <\/div>\n\n        <input type=\"text\" style=\"color:#838383!important;background:#F5F5F5!important;border:1px solid #F5F5F5!important;\" placeholder=\"Seu nome\" required=\"required\"   id=\"foot_contact_name_sh\"  name=\"contact_name\" class=\"form-control\" value=\"\" tabindex=\"373\">\n        <input type=\"email\" style=\"color:#838383!important;background:#F5F5F5!important;border:1px solid #F5F5F5!important;\" required=\"required\" placeholder=\"Email\"  id=\"foot_contact_email_sh\" name=\"contact_email\" class=\"form-control wpestate-form-control-sh\" value=\"\" tabindex=\"374\">\n        <input type=\"email\" style=\"color:#838383!important;background:#F5F5F5!important;border:1px solid #F5F5F5!important;\" required=\"required\" placeholder=\"Seu telefone\"  id=\"foot_contact_phone_sh\" name=\"contact_phone\" class=\"form-control wpestate-form-control-sh\" value=\"\" tabindex=\"374\">\n        <textarea style=\"color:#838383!important;background:#F5F5F5!important;border:1px solid #F5F5F5!important;\" placeholder=\"Digite sua mensagem ...\" required=\"required\" id=\"foot_contact_content_sh\" name=\"contact_content\" class=\"form-control wpestate-form-control-sh\" rows=\"4\" tabindex=\"375\"><\/textarea>\n        <input type=\"hidden\" name=\"contact_footer_ajax_nonce\" id=\"contact_footer_ajax_nonce_sh\"  value=\"24144f2465\" \/>  <div class=\"btn-cont\">\n            <button type=\"submit\" id=\"btn-cont-submit_sh\" class=\"wpresidence_button sh_but_1\">Enviar Mensagem<\/button>\n\n            <input type=\"hidden\" value=\"\" name=\"contact_to\">\n            <div class=\"bottom-arrow\"><\/div>\n        <\/div>\n    <\/div><style>\n    .shortcode_contact_form textarea::-webkit-input-placeholder,\n    .shortcode_contact_form input::-webkit-input-placeholder {\n     color:#838383!important;\";\n}\n<\/style><script type=\"text\/javascript\">\n                \/\/<![CDATA[\n                jQuery(document).ready(function(){\n                  wpestate_contact_us_shortcode();\n                });\n                \/\/]]>\n            <\/script>\t\t<\/div>\n\t\t\t\t<\/div>\n\t\t\t\t\t<\/div>\n\t\t<\/div>\n\t\t\t\t\t\t\t<\/div>\n\t\t<\/section>\n\t\t\t\t<section class=\"elementor-section elementor-top-section elementor-element elementor-element-64512077 elementor-section-stretched elementor-section-boxed elementor-section-height-default elementor-section-height-default\" data-id=\"64512077\" data-element_type=\"section\" data-settings=\"{&quot;stretch_section&quot;:&quot;section-stretched&quot;,&quot;background_background&quot;:&quot;classic&quot;}\">\n\t\t\t\t\t\t<div class=\"elementor-container elementor-column-gap-default\">\n\t\t\t\t\t<div class=\"elementor-column elementor-col-100 elementor-top-column elementor-element elementor-element-36606d19\" data-id=\"36606d19\" data-element_type=\"column\">\n\t\t\t<div class=\"elementor-widget-wrap elementor-element-populated\">\n\t\t\t\t\t\t\t\t<section class=\"elementor-section elementor-inner-section elementor-element elementor-element-16da1301 elementor-section-boxed elementor-section-height-default elementor-section-height-default\" data-id=\"16da1301\" data-element_type=\"section\">\n\t\t\t\t\t\t<div class=\"elementor-container elementor-column-gap-default\">\n\t\t\t\t\t<div class=\"elementor-column elementor-col-100 elementor-inner-column elementor-element elementor-element-774b3281\" data-id=\"774b3281\" data-element_type=\"column\">\n\t\t\t<div class=\"elementor-widget-wrap elementor-element-populated\">\n\t\t\t\t\t\t\t\t<div class=\"elementor-element elementor-element-5f6122ac elementor-invisible elementor-widget elementor-widget-heading\" data-id=\"5f6122ac\" data-element_type=\"widget\" data-settings=\"{&quot;_animation&quot;:&quot;fadeIn&quot;,&quot;_animation_delay&quot;:200}\" data-widget_type=\"heading.default\">\n\t\t\t\t<div class=\"elementor-widget-container\">\n\t\t\t<h2 class=\"elementor-heading-title elementor-size-default\">Argumento Pertinente\u200b<\/h2>\t\t<\/div>\n\t\t\t\t<\/div>\n\t\t\t\t\t<\/div>\n\t\t<\/div>\n\t\t\t\t\t\t\t<\/div>\n\t\t<\/section>\n\t\t\t\t<section class=\"elementor-section elementor-inner-section elementor-element elementor-element-70b9fd4b elementor-section-boxed elementor-section-height-default elementor-section-height-default\" data-id=\"70b9fd4b\" data-element_type=\"section\">\n\t\t\t\t\t\t<div class=\"elementor-container elementor-column-gap-default\">\n\t\t\t\t\t<div class=\"elementor-column elementor-col-33 elementor-inner-column elementor-element elementor-element-55d6a6a5\" data-id=\"55d6a6a5\" data-element_type=\"column\">\n\t\t\t<div class=\"elementor-widget-wrap\">\n\t\t\t\t\t\t\t\t\t<\/div>\n\t\t<\/div>\n\t\t\t\t<div class=\"elementor-column elementor-col-33 elementor-inner-column elementor-element elementor-element-676f3fc8\" data-id=\"676f3fc8\" data-element_type=\"column\">\n\t\t\t<div class=\"elementor-widget-wrap elementor-element-populated\">\n\t\t\t\t\t\t\t\t<div class=\"elementor-element elementor-element-5622886c elementor-invisible elementor-widget elementor-widget-heading\" data-id=\"5622886c\" data-element_type=\"widget\" data-settings=\"{&quot;_animation&quot;:&quot;fadeIn&quot;,&quot;_animation_delay&quot;:200}\" data-widget_type=\"heading.default\">\n\t\t\t\t<div class=\"elementor-widget-container\">\n\t\t\t<h2 class=\"elementor-heading-title elementor-size-default\">A <b>Argumento Pertinente<\/b> \u00e9 uma consultora imobili\u00e1ria da fam\u00edlia <b>Keller Williams<\/b>.<br>Prestamos servi\u00e7os no ramo Imobili\u00e1rio, facilitando a venda, aquisi\u00e7\u00e3o, arrendamento ou outra necessidade.\nSempre mantendo o profissionalismo, a Argumento Pertinente segue em busca de novos desafios e est\u00e1 de portas abertas a novos clientes, amigos e para a realiza\u00e7\u00e3o de muitos sonhos!<\/h2>\t\t<\/div>\n\t\t\t\t<\/div>\n\t\t\t\t\t<\/div>\n\t\t<\/div>\n\t\t\t\t<div class=\"elementor-column elementor-col-33 elementor-inner-column elementor-element elementor-element-250e5c40\" data-id=\"250e5c40\" data-element_type=\"column\">\n\t\t\t<div class=\"elementor-widget-wrap\">\n\t\t\t\t\t\t\t\t\t<\/div>\n\t\t<\/div>\n\t\t\t\t\t\t\t<\/div>\n\t\t<\/section>\n\t\t\t\t<section class=\"elementor-section elementor-inner-section elementor-element elementor-element-66eec653 elementor-reverse-tablet elementor-reverse-mobile elementor-section-boxed elementor-section-height-default elementor-section-height-default\" data-id=\"66eec653\" data-element_type=\"section\">\n\t\t\t\t\t\t<div class=\"elementor-container elementor-column-gap-default\">\n\t\t\t\t\t<div class=\"elementor-column elementor-col-50 elementor-inner-column elementor-element elementor-element-3154cddf\" data-id=\"3154cddf\" data-element_type=\"column\">\n\t\t\t<div class=\"elementor-widget-wrap elementor-element-populated\">\n\t\t\t\t\t\t\t\t<div class=\"elementor-element elementor-element-2a2bb507 elementor-invisible elementor-widget elementor-widget-heading\" data-id=\"2a2bb507\" data-element_type=\"widget\" data-settings=\"{&quot;_animation&quot;:&quot;fadeIn&quot;,&quot;_animation_delay&quot;:200}\" data-widget_type=\"heading.default\">\n\t\t\t\t<div class=\"elementor-widget-container\">\n\t\t\t<h3 class=\"elementor-heading-title elementor-size-default\">Compre um im\u00f3vel\ncom a Argumento Pertinente<\/h3>\t\t<\/div>\n\t\t\t\t<\/div>\n\t\t\t\t<div class=\"elementor-element elementor-element-115bb8b2 elementor-invisible elementor-widget elementor-widget-text-editor\" data-id=\"115bb8b2\" data-element_type=\"widget\" data-settings=\"{&quot;_animation&quot;:&quot;fadeIn&quot;,&quot;_animation_delay&quot;:200}\" data-widget_type=\"text-editor.default\">\n\t\t\t\t<div class=\"elementor-widget-container\">\n\t\t\t<style>\/*! elementor - v3.7.8 - 02-10-2022 *\/\n.elementor-widget-text-editor.elementor-drop-cap-view-stacked .elementor-drop-cap{background-color:#818a91;color:#fff}.elementor-widget-text-editor.elementor-drop-cap-view-framed .elementor-drop-cap{color:#818a91;border:3px solid;background-color:transparent}.elementor-widget-text-editor:not(.elementor-drop-cap-view-default) .elementor-drop-cap{margin-top:8px}.elementor-widget-text-editor:not(.elementor-drop-cap-view-default) .elementor-drop-cap-letter{width:1em;height:1em}.elementor-widget-text-editor .elementor-drop-cap{float:left;text-align:center;line-height:1;font-size:50px}.elementor-widget-text-editor .elementor-drop-cap-letter{display:inline-block}<\/style>\t\t\t\t<p>Conte com nossa Equipa de Profissionais Consultores Prime e a Nossa Plataforma para: \u2022 Encontrar \u2022 Comparar \u2022 Visitar Virtualmente \u2022\u00a0 e mais&#8230;<\/p>\t\t\t\t\t\t<\/div>\n\t\t\t\t<\/div>\n\t\t\t\t<div class=\"elementor-element elementor-element-7ed34347 elementor-widget elementor-widget-spacer\" data-id=\"7ed34347\" data-element_type=\"widget\" data-widget_type=\"spacer.default\">\n\t\t\t\t<div class=\"elementor-widget-container\">\n\t\t\t<style>\/*! elementor - v3.7.8 - 02-10-2022 *\/\n.elementor-column .elementor-spacer-inner{height:var(--spacer-size)}.e-container{--container-widget-width:100%}.e-container>.elementor-widget-spacer{width:var(--container-widget-width,var(--spacer-size));-ms-flex-item-align:stretch;align-self:stretch;-ms-flex-negative:0;flex-shrink:0}.e-container>.elementor-widget-spacer>.elementor-widget-container,.e-container>.elementor-widget-spacer>.elementor-widget-container>.elementor-spacer{height:100%}.e-container>.elementor-widget-spacer>.elementor-widget-container>.elementor-spacer>.elementor-spacer-inner{height:var(--container-widget-height,var(--spacer-size))}<\/style>\t\t<div class=\"elementor-spacer\">\n\t\t\t<div class=\"elementor-spacer-inner\"><\/div>\n\t\t<\/div>\n\t\t\t\t<\/div>\n\t\t\t\t<\/div>\n\t\t\t\t<div class=\"elementor-element elementor-element-5a527676 elementor-invisible elementor-widget elementor-widget-heading\" data-id=\"5a527676\" data-element_type=\"widget\" data-settings=\"{&quot;_animation&quot;:&quot;fadeIn&quot;,&quot;_animation_delay&quot;:200}\" data-widget_type=\"heading.default\">\n\t\t\t\t<div class=\"elementor-widget-container\">\n\t\t\t<h3 class=\"elementor-heading-title elementor-size-default\">Im\u00f3veis para Investimento<\/h3>\t\t<\/div>\n\t\t\t\t<\/div>\n\t\t\t\t<div class=\"elementor-element elementor-element-7ba88854 elementor-invisible elementor-widget elementor-widget-text-editor\" data-id=\"7ba88854\" data-element_type=\"widget\" data-settings=\"{&quot;_animation&quot;:&quot;fadeIn&quot;,&quot;_animation_delay&quot;:200}\" data-widget_type=\"text-editor.default\">\n\t\t\t\t<div class=\"elementor-widget-container\">\n\t\t\t\t\t\t\t<p>Na nossa equipa temos especialistas em identificar im\u00f3veis que s\u00e3o oportunidades imobili\u00e1rias voltadas para investidores. O mercado Imobili\u00e1rio em Portugal oferece uma rentabilidade acima da m\u00e9dia.<\/p>\t\t\t\t\t\t<\/div>\n\t\t\t\t<\/div>\n\t\t\t\t\t<\/div>\n\t\t<\/div>\n\t\t\t\t<div class=\"elementor-column elementor-col-50 elementor-inner-column elementor-element elementor-element-53e9638f\" data-id=\"53e9638f\" data-element_type=\"column\">\n\t\t\t<div class=\"elementor-widget-wrap elementor-element-populated\">\n\t\t\t\t\t\t\t\t<div class=\"elementor-element elementor-element-6a48620 elementor-invisible elementor-widget elementor-widget-heading\" data-id=\"6a48620\" data-element_type=\"widget\" data-settings=\"{&quot;_animation&quot;:&quot;fadeIn&quot;,&quot;_animation_delay&quot;:200}\" data-widget_type=\"heading.default\">\n\t\t\t\t<div class=\"elementor-widget-container\">\n\t\t\t<h3 class=\"elementor-heading-title elementor-size-default\">Venda o seu im\u00f3vel\ncom a Argumento Pertinente<\/h3>\t\t<\/div>\n\t\t\t\t<\/div>\n\t\t\t\t<div class=\"elementor-element elementor-element-5339970c elementor-invisible elementor-widget elementor-widget-text-editor\" data-id=\"5339970c\" data-element_type=\"widget\" data-settings=\"{&quot;_animation&quot;:&quot;fadeIn&quot;,&quot;_animation_delay&quot;:200}\" data-widget_type=\"text-editor.default\">\n\t\t\t\t<div class=\"elementor-widget-container\">\n\t\t\t\t\t\t\t<p>Trabalhamos continuamente na localiza\u00e7\u00e3o de futuros interessados em im\u00f3veis e investidores imobili\u00e1rios. A nossa equipa de Consultores procura assim garantir-lhe uma maior visibilidade.<\/p>\t\t\t\t\t\t<\/div>\n\t\t\t\t<\/div>\n\t\t\t\t<div class=\"elementor-element elementor-element-5a968b1 elementor-widget elementor-widget-spacer\" data-id=\"5a968b1\" data-element_type=\"widget\" data-widget_type=\"spacer.default\">\n\t\t\t\t<div class=\"elementor-widget-container\">\n\t\t\t\t\t<div class=\"elementor-spacer\">\n\t\t\t<div class=\"elementor-spacer-inner\"><\/div>\n\t\t<\/div>\n\t\t\t\t<\/div>\n\t\t\t\t<\/div>\n\t\t\t\t<div class=\"elementor-element elementor-element-439516fb elementor-invisible elementor-widget elementor-widget-heading\" data-id=\"439516fb\" data-element_type=\"widget\" data-settings=\"{&quot;_animation&quot;:&quot;fadeIn&quot;,&quot;_animation_delay&quot;:200}\" data-widget_type=\"heading.default\">\n\t\t\t\t<div class=\"elementor-widget-container\">\n\t\t\t<h3 class=\"elementor-heading-title elementor-size-default\">N\u00f3s procuramos por si<\/h3>\t\t<\/div>\n\t\t\t\t<\/div>\n\t\t\t\t<div class=\"elementor-element elementor-element-479e15d1 elementor-invisible elementor-widget elementor-widget-text-editor\" data-id=\"479e15d1\" data-element_type=\"widget\" data-settings=\"{&quot;_animation&quot;:&quot;fadeIn&quot;,&quot;_animation_delay&quot;:200}\" data-widget_type=\"text-editor.default\">\n\t\t\t\t<div class=\"elementor-widget-container\">\n\t\t\t\t\t\t\t<p>Basta contactar-nos que lhe enviaremos totalmente sem compromisso, uma lista com os melhores im\u00f3veis que combinam com o seu perfil.<\/p>\t\t\t\t\t\t<\/div>\n\t\t\t\t<\/div>\n\t\t\t\t\t<\/div>\n\t\t<\/div>\n\t\t\t\t\t\t\t<\/div>\n\t\t<\/section>\n\t\t\t\t\t<\/div>\n\t\t<\/div>\n\t\t\t\t\t\t\t<\/div>\n\t\t<\/section>\n\t\t\t\t\t\t\t<\/div>\n\t\t","protected":false},"excerpt":{"rendered":"<p>Quem somos,Argumento Pertinente Quando o assunto s\u00e3o im\u00f3veis, a Argumento Pertinente tem todas as solu\u00e7\u00f5es. Casas Apartamentos Comercial Diga-nos que im\u00f3vel pretende que n\u00f3s iremos encontrar. Enviar Mensagem Argumento Pertinente\u200b A Argumento Pertinente \u00e9 uma consultora imobili\u00e1ria da fam\u00edlia Keller Williams.Prestamos servi\u00e7os no ramo Imobili\u00e1rio, facilitando a venda, aquisi\u00e7\u00e3o, arrendamento ou outra necessidade. Sempre mantendo o profissionalismo, a Argumento Pertinente segue em busca de &#8230;<\/p>\n","protected":false},"author":1,"featured_media":0,"parent":0,"menu_order":0,"comment_status":"closed","ping_status":"closed","template":"","meta":{"_monsterinsights_skip_tracking":false,"_monsterinsights_sitenote_active":false,"_monsterinsights_sitenote_note":"","_monsterinsights_sitenote_category":0,"footnotes":""},"class_list":["post-19092","page","type-page","status-publish","hentry"],"_links":{"self":[{"href":"https:\/\/dev.argumentopertinente.pt\/index.php?rest_route=\/wp\/v2\/pages\/19092","targetHints":{"allow":["GET"]}}],"collection":[{"href":"https:\/\/dev.argumentopertinente.pt\/index.php?rest_route=\/wp\/v2\/pages"}],"about":[{"href":"https:\/\/dev.argumentopertinente.pt\/index.php?rest_route=\/wp\/v2\/types\/page"}],"author":[{"embeddable":true,"href":"https:\/\/dev.argumentopertinente.pt\/index.php?rest_route=\/wp\/v2\/users\/1"}],"replies":[{"embeddable":true,"href":"https:\/\/dev.argumentopertinente.pt\/index.php?rest_route=%2Fwp%2Fv2%2Fcomments&post=19092"}],"version-history":[{"count":13,"href":"https:\/\/dev.argumentopertinente.pt\/index.php?rest_route=\/wp\/v2\/pages\/19092\/revisions"}],"predecessor-version":[{"id":19349,"href":"https:\/\/dev.argumentopertinente.pt\/index.php?rest_route=\/wp\/v2\/pages\/19092\/revisions\/19349"}],"wp:attachment":[{"href":"https:\/\/dev.argumentopertinente.pt\/index.php?rest_route=%2Fwp%2Fv2%2Fmedia&parent=19092"}],"curies":[{"name":"wp","href":"https:\/\/api.w.org\/{rel}","templated":true}]}}